{"id":3,"date":"2022-09-08T14:04:28","date_gmt":"2022-09-08T14:04:28","guid":{"rendered":"https:\/\/konstruktion.vamtam.com\/?page_id=3"},"modified":"2025-07-23T13:06:07","modified_gmt":"2025-07-23T11:06:07","slug":"politika-privatnosti","status":"publish","type":"page","link":"https:\/\/www.bravarijastampar.hr\/en\/politika-privatnosti\/","title":{"rendered":"Politika privatnosti"},"content":{"rendered":"<div data-elementor-type=\"wp-page\" data-elementor-id=\"3\" class=\"elementor elementor-3\" data-elementor-post-type=\"page\">\n\t\t\t\t\t\t<section class=\"elementor-section elementor-top-section elementor-element elementor-element-3752e3f elementor-section-boxed elementor-section-height-default elementor-section-height-default\" data-id=\"3752e3f\" data-element_type=\"section\">\n\t\t\t\t\t\t<div class=\"elementor-container elementor-column-gap-no\">\n\t\t\t\t\t<div class=\"elementor-column elementor-col-50 elementor-top-column elementor-element elementor-element-e5e5eb0\" data-id=\"e5e5eb0\" data-element_type=\"column\">\n\t\t\t<div class=\"elementor-widget-wrap elementor-element-populated\">\n\t\t\t\t\t\t<div class=\"elementor-element elementor-element-3da94fd elementor-position-right elementor-widget__width-auto elementor-mobile-position-right elementor-widget-mobile__width-auto elementor-vertical-align-middle elementor-view-default elementor-invisible elementor-widget elementor-widget-icon-box\" data-id=\"3da94fd\" data-element_type=\"widget\" data-settings=\"{&quot;_animation&quot;:&quot;slideInUp&quot;,&quot;_animation_tablet&quot;:&quot;none&quot;}\" data-widget_type=\"icon-box.default\">\n\t\t\t\t<div class=\"elementor-widget-container\">\n\t\t\t\t\t\t\t<div class=\"elementor-icon-box-wrapper\">\n\n\t\t\t\t\t\t<div class=\"elementor-icon-box-icon\">\n\t\t\t\t<span  class=\"elementor-icon\">\n\t\t\t\t<i aria-hidden=\"true\" class=\"vamtamtheme- vamtam-theme-line-titles\"><\/i>\t\t\t\t<\/span>\n\t\t\t<\/div>\n\t\t\t\n\t\t\t\t\t\t<div class=\"elementor-icon-box-content\">\n\n\t\t\t\t\t\t\t\t\t<span class=\"elementor-icon-box-title\">\n\t\t\t\t\t\t<span  >\n\t\t\t\t\t\t\tPrivatnost\t\t\t\t\t\t<\/span>\n\t\t\t\t\t<\/span>\n\t\t\t\t\n\t\t\t\t\n\t\t\t<\/div>\n\t\t\t\n\t\t<\/div>\n\t\t\t\t\t\t<\/div>\n\t\t\t\t<\/div>\n\t\t\t\t<div class=\"elementor-element elementor-element-81efd8b elementor-widget elementor-widget-heading\" data-id=\"81efd8b\" data-element_type=\"widget\" data-widget_type=\"heading.default\">\n\t\t\t\t<div class=\"elementor-widget-container\">\n\t\t\t\t\t<h1 class=\"elementor-heading-title elementor-size-default\">Politika privatnosti<\/h1>\t\t\t\t<\/div>\n\t\t\t\t<\/div>\n\t\t\t\t\t<\/div>\n\t\t<\/div>\n\t\t\t\t<div class=\"elementor-column elementor-col-50 elementor-top-column elementor-element elementor-element-497e17e\" data-id=\"497e17e\" data-element_type=\"column\">\n\t\t\t<div class=\"elementor-widget-wrap\">\n\t\t\t\t\t\t\t<\/div>\n\t\t<\/div>\n\t\t\t\t\t<\/div>\n\t\t<\/section>\n\t\t\t\t<section class=\"elementor-section elementor-top-section elementor-element elementor-element-75e9d0c elementor-section-boxed elementor-section-height-default elementor-section-height-default\" data-id=\"75e9d0c\" data-element_type=\"section\">\n\t\t\t\t\t\t<div class=\"elementor-container elementor-column-gap-no\">\n\t\t\t\t\t<div class=\"elementor-column elementor-col-100 elementor-top-column elementor-element elementor-element-1b11d4e\" data-id=\"1b11d4e\" data-element_type=\"column\">\n\t\t\t<div class=\"elementor-widget-wrap elementor-element-populated\">\n\t\t\t\t\t\t<div class=\"elementor-element elementor-element-77d23c3 elementor-widget elementor-widget-heading\" data-id=\"77d23c3\" data-element_type=\"widget\" data-widget_type=\"heading.default\">\n\t\t\t\t<div class=\"elementor-widget-container\">\n\t\t\t\t\t<h3 class=\"elementor-heading-title elementor-size-default\">Who We Are<\/h3>\t\t\t\t<\/div>\n\t\t\t\t<\/div>\n\t\t\t\t<div class=\"elementor-element elementor-element-85eef60 elementor-widget elementor-widget-text-editor\" data-id=\"85eef60\" data-element_type=\"widget\" data-widget_type=\"text-editor.default\">\n\t\t\t\t<div class=\"elementor-widget-container\">\n\t\t\t\t\t\t\t\t\t<p>Adresa na\u0161e web stranice je: https:\/bravarijastampar.hr.<br \/><br \/><\/p>\t\t\t\t\t\t\t\t<\/div>\n\t\t\t\t<\/div>\n\t\t\t\t<div class=\"elementor-element elementor-element-b24c099 elementor-widget elementor-widget-heading\" data-id=\"b24c099\" data-element_type=\"widget\" data-widget_type=\"heading.default\">\n\t\t\t\t<div class=\"elementor-widget-container\">\n\t\t\t\t\t<h3 class=\"elementor-heading-title elementor-size-default\">Komentari<\/h3>\t\t\t\t<\/div>\n\t\t\t\t<\/div>\n\t\t\t\t<div class=\"elementor-element elementor-element-2265c18 elementor-widget elementor-widget-text-editor\" data-id=\"2265c18\" data-element_type=\"widget\" data-widget_type=\"text-editor.default\">\n\t\t\t\t<div class=\"elementor-widget-container\">\n\t\t\t\t\t\t\t\t\t<p><br \/>Kada posjetitelji ostavljaju komentare na stranici, prikupljamo podatke prikazane u obrascu za komentare, kao i IP adresu posjetitelja i niz korisni\u010dkog agenta preglednika kako bismo pomogli u otkrivanju ne\u017eeljene po\u0161te. Anonimizirani niz stvoren iz va\u0161e adrese e-po\u0161te (koji se naziva i hash) mo\u017ee se dati usluzi Gravatar kako bi se vidjelo koristite li je. Pravila privatnosti usluge Gravatar dostupna su ovdje: https:\/\/automattic.com\/privacy\/. Nakon odobrenja va\u0161eg komentara, va\u0161a profilna slika vidljiva je javnosti u kontekstu va\u0161eg komentara.<\/p>\t\t\t\t\t\t\t\t<\/div>\n\t\t\t\t<\/div>\n\t\t\t\t<div class=\"elementor-element elementor-element-be93070 elementor-widget elementor-widget-heading\" data-id=\"be93070\" data-element_type=\"widget\" data-widget_type=\"heading.default\">\n\t\t\t\t<div class=\"elementor-widget-container\">\n\t\t\t\t\t<h3 class=\"elementor-heading-title elementor-size-default\">Mediji<\/h3>\t\t\t\t<\/div>\n\t\t\t\t<\/div>\n\t\t\t\t<div class=\"elementor-element elementor-element-2903ba0 elementor-widget elementor-widget-text-editor\" data-id=\"2903ba0\" data-element_type=\"widget\" data-widget_type=\"text-editor.default\">\n\t\t\t\t<div class=\"elementor-widget-container\">\n\t\t\t\t\t\t\t\t\t<p>Ako prenosite slike na web stranicu, trebali biste izbjegavati prijenos slika s ugra\u0111enim podacima o lokaciji (EXIF GPS). Posjetitelji web stranice mogu preuzeti i izdvojiti bilo koje podatke o lokaciji sa slika na web stranici.<\/p>\t\t\t\t\t\t\t\t<\/div>\n\t\t\t\t<\/div>\n\t\t\t\t<div class=\"elementor-element elementor-element-81700fc elementor-widget elementor-widget-heading\" data-id=\"81700fc\" data-element_type=\"widget\" data-widget_type=\"heading.default\">\n\t\t\t\t<div class=\"elementor-widget-container\">\n\t\t\t\t\t<h3 class=\"elementor-heading-title elementor-size-default\">Kola\u010di\u0107i<\/h3>\t\t\t\t<\/div>\n\t\t\t\t<\/div>\n\t\t\t\t<div class=\"elementor-element elementor-element-9325ec1 elementor-widget elementor-widget-text-editor\" data-id=\"9325ec1\" data-element_type=\"widget\" data-widget_type=\"text-editor.default\">\n\t\t\t\t<div class=\"elementor-widget-container\">\n\t\t\t\t\t\t\t\t\t<p>Koristimo kola\u010di\u0107e kako bismo osigurali najbolje iskustvo na na\u0161oj web stranici.<\/p>\t\t\t\t\t\t\t\t<\/div>\n\t\t\t\t<\/div>\n\t\t\t\t<div class=\"elementor-element elementor-element-b26bb8b elementor-widget elementor-widget-heading\" data-id=\"b26bb8b\" data-element_type=\"widget\" data-widget_type=\"heading.default\">\n\t\t\t\t<div class=\"elementor-widget-container\">\n\t\t\t\t\t<h3 class=\"elementor-heading-title elementor-size-default\">Ugra\u0111eni sadr\u017eaj<\/h3>\t\t\t\t<\/div>\n\t\t\t\t<\/div>\n\t\t\t\t<div class=\"elementor-element elementor-element-b92edec elementor-widget elementor-widget-text-editor\" data-id=\"b92edec\" data-element_type=\"widget\" data-widget_type=\"text-editor.default\">\n\t\t\t\t<div class=\"elementor-widget-container\">\n\t\t\t\t\t\t\t\t\t<p>\u010clanci na ovoj stranici mogu uklju\u010divati ugra\u0111eni sadr\u017eaj (npr. videozapise, slike, \u010dlanke itd.). Ugra\u0111eni sadr\u017eaj s drugih web stranica pona\u0161a se na potpuno isti na\u010din kao da je posjetitelj posjetio drugu web stranicu.<\/p><p>Te web stranice mogu prikupljati podatke o vama, koristiti kola\u010di\u0107e, ugraditi dodatno pra\u0107enje tre\u0107ih strana i pratiti va\u0161u interakciju s tim ugra\u0111enim sadr\u017eajem, uklju\u010duju\u0107i pra\u0107enje va\u0161e interakcije s ugra\u0111enim sadr\u017eajem ako imate ra\u010dun i prijavljeni ste na tu web stranicu.<\/p>\t\t\t\t\t\t\t\t<\/div>\n\t\t\t\t<\/div>\n\t\t\t\t<div class=\"elementor-element elementor-element-e3298ce elementor-widget elementor-widget-heading\" data-id=\"e3298ce\" data-element_type=\"widget\" data-widget_type=\"heading.default\">\n\t\t\t\t<div class=\"elementor-widget-container\">\n\t\t\t\t\t<h3 class=\"elementor-heading-title elementor-size-default\">\nS kim dijelimo va\u0161e podatke i kako dugo ih zadr\u017eavamo<\/h3>\t\t\t\t<\/div>\n\t\t\t\t<\/div>\n\t\t\t\t<div class=\"elementor-element elementor-element-41dd3a3 elementor-widget elementor-widget-text-editor\" data-id=\"41dd3a3\" data-element_type=\"widget\" data-widget_type=\"text-editor.default\">\n\t\t\t\t<div class=\"elementor-widget-container\">\n\t\t\t\t\t\t\t\t\t<p>Ako ostavite komentar, komentar i njegovi metapodaci \u010duvaju se neograni\u010deno. To je kako bismo mogli automatski prepoznati i odobriti sve naknadne komentare umjesto da ih dr\u017eimo u redu za moderiranje.<\/p><p>Za korisnike koji se registriraju na na\u0161oj web stranici (ako ih ima), tako\u0111er pohranjujemo osobne podatke koje navedu u njihovom korisni\u010dkom profilu. Svi korisnici mogu vidjeti, urediti ili izbrisati svoje osobne podatke u bilo kojem trenutku (osim \u0161to ne mogu promijeniti svoje korisni\u010dko ime). Administratori web stranice tako\u0111er mogu vidjeti i urediti te podatke.<\/p>\t\t\t\t\t\t\t\t<\/div>\n\t\t\t\t<\/div>\n\t\t\t\t<div class=\"elementor-element elementor-element-ea70dcc elementor-widget elementor-widget-heading\" data-id=\"ea70dcc\" data-element_type=\"widget\" data-widget_type=\"heading.default\">\n\t\t\t\t<div class=\"elementor-widget-container\">\n\t\t\t\t\t<h3 class=\"elementor-heading-title elementor-size-default\">Koja prava imate nad svojim podacima<\/h3>\t\t\t\t<\/div>\n\t\t\t\t<\/div>\n\t\t\t\t<div class=\"elementor-element elementor-element-cec48ec elementor-widget elementor-widget-text-editor\" data-id=\"cec48ec\" data-element_type=\"widget\" data-widget_type=\"text-editor.default\">\n\t\t\t\t<div class=\"elementor-widget-container\">\n\t\t\t\t\t\t\t\t\t<p>Ako imate ra\u010dun na ovoj stranici ili ste ostavili komentare, mo\u017eete zatra\u017eiti da primite izvezenu datoteku s osobnim podacima koje imamo o vama, uklju\u010duju\u0107i sve podatke koje ste nam dostavili. Tako\u0111er mo\u017eete zatra\u017eiti da izbri\u0161emo sve osobne podatke koje imamo o vama. To ne uklju\u010duje podatke koje smo du\u017eni \u010duvati u administrativne, pravne ili sigurnosne svrhe.<\/p>\t\t\t\t\t\t\t\t<\/div>\n\t\t\t\t<\/div>\n\t\t\t\t\t<\/div>\n\t\t<\/div>\n\t\t\t\t\t<\/div>\n\t\t<\/section>\n\t\t\t\t<\/div>","protected":false},"excerpt":{"rendered":"<p>Privatnost Politika privatnosti Tko smo mi Adresa na\u0161e web stranice je: https:\/bravarijastampar.hr. Komentari Kada posjetitelji ostavljaju komentare na stranici, prikupljamo podatke prikazane u obrascu za komentare, kao i IP adresu posjetitelja i niz korisni\u010dkog agenta preglednika kako bismo pomogli u otkrivanju ne\u017eeljene po\u0161te. Anonimizirani niz stvoren iz va\u0161e adrese e-po\u0161te (koji se naziva i hash)&#8230;<\/p>","protected":false},"author":1,"featured_media":0,"parent":0,"menu_order":0,"comment_status":"closed","ping_status":"closed","template":"","meta":{"footnotes":""},"class_list":["post-3","page","type-page","status-publish","hentry"],"yoast_head":"<!-- This site is optimized with the Yoast SEO plugin v25.5 - https:\/\/yoast.com\/wordpress\/plugins\/seo\/ -->\n<title>Politika privatnosti - Bravarija \u0160tampar<\/title>\n<meta name=\"robots\" content=\"index, follow, max-snippet:-1, max-image-preview:large, max-video-preview:-1\" \/>\n<link rel=\"canonical\" href=\"https:\/\/www.bravarijastampar.hr\/en\/politika-privatnosti\/\" \/>\n<meta property=\"og:locale\" content=\"en_GB\" \/>\n<meta property=\"og:type\" content=\"article\" \/>\n<meta property=\"og:title\" content=\"Politika privatnosti - Bravarija \u0160tampar\" \/>\n<meta property=\"og:description\" content=\"Privatnost Politika privatnosti Tko smo mi Adresa na\u0161e web stranice je: https:\/bravarijastampar.hr. Komentari Kada posjetitelji ostavljaju komentare na stranici, prikupljamo podatke prikazane u obrascu za komentare, kao i IP adresu posjetitelja i niz korisni\u010dkog agenta preglednika kako bismo pomogli u otkrivanju ne\u017eeljene po\u0161te. Anonimizirani niz stvoren iz va\u0161e adrese e-po\u0161te (koji se naziva i hash)...\" \/>\n<meta property=\"og:url\" content=\"https:\/\/www.bravarijastampar.hr\/en\/politika-privatnosti\/\" \/>\n<meta property=\"og:site_name\" content=\"Bravarija \u0160tampar\" \/>\n<meta property=\"article:modified_time\" content=\"2025-07-23T11:06:07+00:00\" \/>\n<meta name=\"twitter:card\" content=\"summary_large_image\" \/>\n<meta name=\"twitter:label1\" content=\"Estimated reading time\" \/>\n\t<meta name=\"twitter:data1\" content=\"3 minutes\" \/>\n<script type=\"application\/ld+json\" class=\"yoast-schema-graph\">{\"@context\":\"https:\/\/schema.org\",\"@graph\":[{\"@type\":\"WebPage\",\"@id\":\"https:\/\/www.bravarijastampar.hr\/politika-privatnosti\/\",\"url\":\"https:\/\/www.bravarijastampar.hr\/politika-privatnosti\/\",\"name\":\"Politika privatnosti - Bravarija \u0160tampar\",\"isPartOf\":{\"@id\":\"https:\/\/www.bravarijastampar.hr\/#website\"},\"datePublished\":\"2022-09-08T14:04:28+00:00\",\"dateModified\":\"2025-07-23T11:06:07+00:00\",\"breadcrumb\":{\"@id\":\"https:\/\/www.bravarijastampar.hr\/politika-privatnosti\/#breadcrumb\"},\"inLanguage\":\"en-GB\",\"potentialAction\":[{\"@type\":\"ReadAction\",\"target\":[\"https:\/\/www.bravarijastampar.hr\/politika-privatnosti\/\"]}]},{\"@type\":\"BreadcrumbList\",\"@id\":\"https:\/\/www.bravarijastampar.hr\/politika-privatnosti\/#breadcrumb\",\"itemListElement\":[{\"@type\":\"ListItem\",\"position\":1,\"name\":\"Home\",\"item\":\"https:\/\/www.bravarijastampar.hr\/\"},{\"@type\":\"ListItem\",\"position\":2,\"name\":\"Politika privatnosti\"}]},{\"@type\":\"WebSite\",\"@id\":\"https:\/\/www.bravarijastampar.hr\/#website\",\"url\":\"https:\/\/www.bravarijastampar.hr\/\",\"name\":\"Bravarija \u0160tampar\",\"description\":\"\",\"publisher\":{\"@id\":\"https:\/\/www.bravarijastampar.hr\/#organization\"},\"potentialAction\":[{\"@type\":\"SearchAction\",\"target\":{\"@type\":\"EntryPoint\",\"urlTemplate\":\"https:\/\/www.bravarijastampar.hr\/?s={search_term_string}\"},\"query-input\":{\"@type\":\"PropertyValueSpecification\",\"valueRequired\":true,\"valueName\":\"search_term_string\"}}],\"inLanguage\":\"en-GB\"},{\"@type\":\"Organization\",\"@id\":\"https:\/\/www.bravarijastampar.hr\/#organization\",\"name\":\"Bravarija \u0160tampar\",\"url\":\"https:\/\/www.bravarijastampar.hr\/\",\"logo\":{\"@type\":\"ImageObject\",\"inLanguage\":\"en-GB\",\"@id\":\"https:\/\/www.bravarijastampar.hr\/#\/schema\/logo\/image\/\",\"url\":\"https:\/\/www.bravarijastampar.hr\/wp-content\/uploads\/2022\/10\/bs-logo-scaled.png\",\"contentUrl\":\"https:\/\/www.bravarijastampar.hr\/wp-content\/uploads\/2022\/10\/bs-logo-scaled.png\",\"width\":2560,\"height\":1434,\"caption\":\"Bravarija \u0160tampar\"},\"image\":{\"@id\":\"https:\/\/www.bravarijastampar.hr\/#\/schema\/logo\/image\/\"}}]}<\/script>\n<!-- \/ Yoast SEO plugin. -->","yoast_head_json":{"title":"Politika privatnosti - Bravarija \u0160tampar","robots":{"index":"index","follow":"follow","max-snippet":"max-snippet:-1","max-image-preview":"max-image-preview:large","max-video-preview":"max-video-preview:-1"},"canonical":"https:\/\/www.bravarijastampar.hr\/en\/politika-privatnosti\/","og_locale":"en_GB","og_type":"article","og_title":"Politika privatnosti - Bravarija \u0160tampar","og_description":"Privatnost Politika privatnosti Tko smo mi Adresa na\u0161e web stranice je: https:\/bravarijastampar.hr. Komentari Kada posjetitelji ostavljaju komentare na stranici, prikupljamo podatke prikazane u obrascu za komentare, kao i IP adresu posjetitelja i niz korisni\u010dkog agenta preglednika kako bismo pomogli u otkrivanju ne\u017eeljene po\u0161te. Anonimizirani niz stvoren iz va\u0161e adrese e-po\u0161te (koji se naziva i hash)...","og_url":"https:\/\/www.bravarijastampar.hr\/en\/politika-privatnosti\/","og_site_name":"Bravarija \u0160tampar","article_modified_time":"2025-07-23T11:06:07+00:00","twitter_card":"summary_large_image","twitter_misc":{"Estimated reading time":"3 minutes"},"schema":{"@context":"https:\/\/schema.org","@graph":[{"@type":"WebPage","@id":"https:\/\/www.bravarijastampar.hr\/politika-privatnosti\/","url":"https:\/\/www.bravarijastampar.hr\/politika-privatnosti\/","name":"Politika privatnosti - Bravarija \u0160tampar","isPartOf":{"@id":"https:\/\/www.bravarijastampar.hr\/#website"},"datePublished":"2022-09-08T14:04:28+00:00","dateModified":"2025-07-23T11:06:07+00:00","breadcrumb":{"@id":"https:\/\/www.bravarijastampar.hr\/politika-privatnosti\/#breadcrumb"},"inLanguage":"en-GB","potentialAction":[{"@type":"ReadAction","target":["https:\/\/www.bravarijastampar.hr\/politika-privatnosti\/"]}]},{"@type":"BreadcrumbList","@id":"https:\/\/www.bravarijastampar.hr\/politika-privatnosti\/#breadcrumb","itemListElement":[{"@type":"ListItem","position":1,"name":"Home","item":"https:\/\/www.bravarijastampar.hr\/"},{"@type":"ListItem","position":2,"name":"Politika privatnosti"}]},{"@type":"WebSite","@id":"https:\/\/www.bravarijastampar.hr\/#website","url":"https:\/\/www.bravarijastampar.hr\/","name":"Bravarija \u0160tampar","description":"","publisher":{"@id":"https:\/\/www.bravarijastampar.hr\/#organization"},"potentialAction":[{"@type":"SearchAction","target":{"@type":"EntryPoint","urlTemplate":"https:\/\/www.bravarijastampar.hr\/?s={search_term_string}"},"query-input":{"@type":"PropertyValueSpecification","valueRequired":true,"valueName":"search_term_string"}}],"inLanguage":"en-GB"},{"@type":"Organization","@id":"https:\/\/www.bravarijastampar.hr\/#organization","name":"Bravarija \u0160tampar","url":"https:\/\/www.bravarijastampar.hr\/","logo":{"@type":"ImageObject","inLanguage":"en-GB","@id":"https:\/\/www.bravarijastampar.hr\/#\/schema\/logo\/image\/","url":"https:\/\/www.bravarijastampar.hr\/wp-content\/uploads\/2022\/10\/bs-logo-scaled.png","contentUrl":"https:\/\/www.bravarijastampar.hr\/wp-content\/uploads\/2022\/10\/bs-logo-scaled.png","width":2560,"height":1434,"caption":"Bravarija \u0160tampar"},"image":{"@id":"https:\/\/www.bravarijastampar.hr\/#\/schema\/logo\/image\/"}}]}},"_links":{"self":[{"href":"https:\/\/www.bravarijastampar.hr\/en\/wp-json\/wp\/v2\/pages\/3","targetHints":{"allow":["GET"]}}],"collection":[{"href":"https:\/\/www.bravarijastampar.hr\/en\/wp-json\/wp\/v2\/pages"}],"about":[{"href":"https:\/\/www.bravarijastampar.hr\/en\/wp-json\/wp\/v2\/types\/page"}],"author":[{"embeddable":true,"href":"https:\/\/www.bravarijastampar.hr\/en\/wp-json\/wp\/v2\/users\/1"}],"replies":[{"embeddable":true,"href":"https:\/\/www.bravarijastampar.hr\/en\/wp-json\/wp\/v2\/comments?post=3"}],"version-history":[{"count":4,"href":"https:\/\/www.bravarijastampar.hr\/en\/wp-json\/wp\/v2\/pages\/3\/revisions"}],"predecessor-version":[{"id":988763,"href":"https:\/\/www.bravarijastampar.hr\/en\/wp-json\/wp\/v2\/pages\/3\/revisions\/988763"}],"wp:attachment":[{"href":"https:\/\/www.bravarijastampar.hr\/en\/wp-json\/wp\/v2\/media?parent=3"}],"curies":[{"name":"wp","href":"https:\/\/api.w.org\/{rel}","templated":true}]}}